{"id":14100,"date":"2022-06-10T10:34:32","date_gmt":"2022-06-10T08:34:32","guid":{"rendered":"https:\/\/www.birkavikingastaden.se\/?page_id=14100"},"modified":"2026-04-09T12:32:50","modified_gmt":"2026-04-09T10:32:50","slug":"celebrate-midsummer-at-birka","status":"publish","type":"page","link":"https:\/\/www.birkavikingastaden.se\/en\/attraction\/celebrate-midsummer-at-birka\/","title":{"rendered":"Celebrate Midsummer at Birka"},"content":{"rendered":"\t\t<div data-elementor-type=\"wp-page\" data-elementor-id=\"14100\" class=\"elementor elementor-14100\" data-elementor-post-type=\"page\">\n\t\t\t\t\t\t<section class=\"elementor-section elementor-top-section elementor-element elementor-element-bfac0bc elementor-section-full_width elementor-section-height-min-height elementor-section-height-default elementor-section-items-middle\" data-id=\"bfac0bc\" data-element_type=\"section\" data-e-type=\"section\" data-settings=\"{&quot;background_background&quot;:&quot;classic&quot;}\">\n\t\t\t\t\t\t<div class=\"elementor-container elementor-column-gap-default\">\n\t\t\t\t\t<div class=\"elementor-column elementor-col-100 elementor-top-column elementor-element elementor-element-824662c\" data-id=\"824662c\" data-element_type=\"column\" data-e-type=\"column\">\n\t\t\t<div class=\"elementor-widget-wrap\">\n\t\t\t\t\t\t\t<\/div>\n\t\t<\/div>\n\t\t\t\t\t<\/div>\n\t\t<\/section>\n\t\t\t\t<section class=\"elementor-section elementor-top-section elementor-element elementor-element-84b5b01 elementor-section-boxed elementor-section-height-default elementor-section-height-default\" data-id=\"84b5b01\" data-element_type=\"section\" data-e-type=\"section\">\n\t\t\t\t\t\t<div class=\"elementor-container elementor-column-gap-default\">\n\t\t\t\t\t<div class=\"elementor-column elementor-col-100 elementor-top-column elementor-element elementor-element-536546e\" data-id=\"536546e\" data-element_type=\"column\" data-e-type=\"column\">\n\t\t\t<div class=\"elementor-widget-wrap elementor-element-populated\">\n\t\t\t\t\t\t<div class=\"elementor-element elementor-element-630f313 elementor-widget-divider--view-line_text elementor-widget-divider--element-align-center elementor-widget elementor-widget-divider\" data-id=\"630f313\" data-element_type=\"widget\" data-e-type=\"widget\" data-widget_type=\"divider.default\">\n\t\t\t\t<div class=\"elementor-widget-container\">\n\t\t\t\t\t\t\t<div class=\"elementor-divider\">\n\t\t\t<span class=\"elementor-divider-separator\">\n\t\t\t\t\t\t\t<h1 class=\"elementor-divider__text elementor-divider__element\">\n\t\t\t\tCelebrate Midsummer at Birka\t\t\t\t<\/h1>\n\t\t\t\t\t\t<\/span>\n\t\t<\/div>\n\t\t\t\t\t\t<\/div>\n\t\t\t\t<\/div>\n\t\t\t\t<div class=\"elementor-element elementor-element-0bc119b elementor-widget elementor-widget-text-editor\" data-id=\"0bc119b\" data-element_type=\"widget\" data-e-type=\"widget\" data-widget_type=\"text-editor.default\">\n\t\t\t\t<div class=\"elementor-widget-container\">\n\t\t\t\t\t\t\t\t\t<h2>Traditional Midsummer Celebration \u2013 Dance, Food, &amp; Games<\/h2>\t\t\t\t\t\t\t\t<\/div>\n\t\t\t\t<\/div>\n\t\t\t\t\t<\/div>\n\t\t<\/div>\n\t\t\t\t\t<\/div>\n\t\t<\/section>\n\t\t\t\t<section class=\"elementor-section elementor-top-section elementor-element elementor-element-bc5f335 elementor-section-boxed elementor-section-height-default elementor-section-height-default\" data-id=\"bc5f335\" data-element_type=\"section\" data-e-type=\"section\">\n\t\t\t\t\t\t<div class=\"elementor-container elementor-column-gap-default\">\n\t\t\t\t\t<div class=\"elementor-column elementor-col-50 elementor-top-column elementor-element elementor-element-e58eebb\" data-id=\"e58eebb\" data-element_type=\"column\" data-e-type=\"column\">\n\t\t\t<div class=\"elementor-widget-wrap elementor-element-populated\">\n\t\t\t\t\t\t<div class=\"elementor-element elementor-element-25bdd06 elementor-widget elementor-widget-text-editor\" data-id=\"25bdd06\" data-element_type=\"widget\" data-e-type=\"widget\" data-widget_type=\"text-editor.default\">\n\t\t\t\t<div class=\"elementor-widget-container\">\n\t\t\t\t\t\t\t\t\t<p>Welcome to celebrate traditional Swedish midsummer at Bj\u00f6rk\u00f6 &#8211; Birka the Viking City. In the middle of the scenic Lake M\u00e4laren lies the island of Bj\u00f6rk\u00f6 &#8211; a perfect place for midsummer celebrations. Here you can read about opening hours, activities, and menus for the entire midsummer weekend.<\/p>\n<h3>Restaurant S\u00e4rimner &#8211; Opening Hours Midsummer Weekend<\/h3>\n<p>Welcome to eat and drink well at the Viking restaurant S\u00e4rimner, which is open throughout the midsummer weekend.<\/p>\n<h3>Midsummer Eve at Birka \u2013 Dance &amp; Games<\/h3>\n<p>We decorate the Midsummer pole with greenery and summer flowers. At 2:30 p.m., it will be ready for the traditional dance around the Midsummer pole.<\/p>\n<p>The day is filled with fun activities for both adults and children &#8211; do them on your own or together with us.<\/p>\n<ul style=\"font-size: 14px; background-color: #ffffff;\">\n<li style=\"font-size: 14px;\">Fishing pond for all children<\/li>\n<li style=\"font-size: 14px;\">Lottery with prizes<\/li>\n<li style=\"font-size: 14px;\">Quiz for the whole family<\/li>\n<li style=\"font-size: 14px;\">Kubb game &#8211; available for borrowing<\/li>\n<\/ul>\n<h3>Book a Table at Restaurant S\u00e4rimner<\/h3>\n<p>If you want to ensure a seat, we recommend that you make a table reservation at the restaurant. You can make a reservation via SMS or by calling us at least 24 hours in advance.<\/p>\n<p>Jens Nykvist: +46 702-26 65 34<\/p>\n<p><span style=\"color: #a31e1f; font-family: lithos-pro, sans-serif; font-size: 18px; font-weight: 600;\">This is How You Get to Birka at Midsummer<\/span><\/p>\n<p>During the midsummer weekend, you can go to Birka either with your own boat and dock in the guest harbor, or you can go with S\u00e4rimner Taxi. The boat trip with the S\u00e4rimner taxi takes only a few minutes from the neighboring island of Adels\u00f6 (which is connected to the mainland). You get on the taxi boat at Hovg\u00e5rden&#8217;s pier. To book your trip, call or text. See the contact information below.<\/p>\n<p>Jens Nykvist: +46 702-26 65 34<\/p>\n<p><strong>Are you traveling in your own boat?<\/strong>&nbsp;Here you can read more about Birka&#8217;s&nbsp;<a href=\"https:\/\/www.birkavikingastaden.se\/en\/attraction\/guest-harbour\/\">guest harbor<\/a>.<\/p>\n<p><strong>We warmly welcome you to celebrate Midsummer with us!<\/strong><\/p>\t\t\t\t\t\t\t\t<\/div>\n\t\t\t\t<\/div>\n\t\t\t\t\t<\/div>\n\t\t<\/div>\n\t\t\t\t<div class=\"elementor-column elementor-col-50 elementor-top-column elementor-element elementor-element-d144e37 elementor-hidden-desktop elementor-hidden-tablet elementor-hidden-mobile\" data-id=\"d144e37\" data-element_type=\"column\" data-e-type=\"column\">\n\t\t\t<div class=\"elementor-widget-wrap elementor-element-populated\">\n\t\t\t\t\t\t<div class=\"elementor-element elementor-element-3a59ed7 elementor-widget elementor-widget-text-editor\" data-id=\"3a59ed7\" data-element_type=\"widget\" data-e-type=\"widget\" data-widget_type=\"text-editor.default\">\n\t\t\t\t<div class=\"elementor-widget-container\">\n\t\t\t\t\t\t\t\t\t<p>\u00a0<\/p><h3>Midsummer Eve &#8211; lunch menu<\/h3><p>On Midsummer Eve, we have composed a lunch menu with flavors suitable for the whole family. For the big Viking, there is, of course, beer, snaps, and mead.<\/p><p>You can find the regular menu served on other days at <a href=\"https:\/\/www.birkavikingastaden.se\/en\/attraction\/restaurant-sarimner-at-birka\/\">S\u00e4rimner here<\/a>.<\/p>\t\t\t\t\t\t\t\t<\/div>\n\t\t\t\t<\/div>\n\t\t\t\t<div class=\"elementor-element elementor-element-4d4b540 elementor-widget elementor-widget-price-list\" data-id=\"4d4b540\" data-element_type=\"widget\" data-e-type=\"widget\" data-widget_type=\"price-list.default\">\n\t\t\t\t<div class=\"elementor-widget-container\">\n\t\t\t\t\t\n\t\t<ul class=\"elementor-price-list\">\n\n\t\t\t\t\t\t\t\t\t<li><a class=\"elementor-price-list-item\" href=\"#\">\t\t\t\t\n\t\t\t\t<div class=\"elementor-price-list-text\">\n\t\t\t\t\t\t\t\t\t<div class=\"elementor-price-list-header\">\n\t\t\t\t\t\t\t\t\t\t\t<h4 class=\"elementor-price-list-title\">\n\t\t\t\t\t\t\tShrimp box\t\t\t\t\t\t<\/h4>\n\t\t\t\t\t\t\t\t\t\t\t\t\t\t\t\t\t\t<span class=\"elementor-price-list-separator\"><\/span>\n\t\t\t\t\t\t\t\t\t\t\t\t\t\t\t\t\t\t\t<span class=\"elementor-price-list-price\">SEK 189<\/span>\n\t\t\t\t\t\t\t\t\t\t<\/div>\n\t\t\t\t\t\t\t\t\t\t\t\t\t\t\t<p class=\"elementor-price-list-description\">\n\t\t\t\t\t\t\tServed with aioli and bread \t\t\t\t\t\t<\/p>\n\t\t\t\t\t\t\t\t<\/div>\n\t\t\t\t<\/a><\/li>\t\t\t\t\t\t\t\t\t\t\t\t<li><a class=\"elementor-price-list-item\" href=\"#\">\t\t\t\t\n\t\t\t\t<div class=\"elementor-price-list-text\">\n\t\t\t\t\t\t\t\t\t<div class=\"elementor-price-list-header\">\n\t\t\t\t\t\t\t\t\t\t\t<h4 class=\"elementor-price-list-title\">\n\t\t\t\t\t\t\tMeatballs\t\t\t\t\t\t<\/h4>\n\t\t\t\t\t\t\t\t\t\t\t\t\t\t\t\t\t\t<span class=\"elementor-price-list-separator\"><\/span>\n\t\t\t\t\t\t\t\t\t\t\t\t\t\t\t\t\t\t\t<span class=\"elementor-price-list-price\">SEK 185<\/span>\n\t\t\t\t\t\t\t\t\t\t<\/div>\n\t\t\t\t\t\t\t\t\t\t\t\t\t\t\t<p class=\"elementor-price-list-description\">\n\t\t\t\t\t\t\tServed with cream sauce, potatoes, pickled cucumber, and lingonberry jam\t\t\t\t\t\t<\/p>\n\t\t\t\t\t\t\t\t<\/div>\n\t\t\t\t<\/a><\/li>\t\t\t\t\t\t\t\t\t\t\t\t<li><a class=\"elementor-price-list-item\" href=\"#\">\t\t\t\t\n\t\t\t\t<div class=\"elementor-price-list-text\">\n\t\t\t\t\t\t\t\t\t<div class=\"elementor-price-list-header\">\n\t\t\t\t\t\t\t\t\t\t\t<h4 class=\"elementor-price-list-title\">\n\t\t\t\t\t\t\tSmooked salmon\t\t\t\t\t\t<\/h4>\n\t\t\t\t\t\t\t\t\t\t\t\t\t\t\t\t\t\t<span class=\"elementor-price-list-separator\"><\/span>\n\t\t\t\t\t\t\t\t\t\t\t\t\t\t\t\t\t\t\t<span class=\"elementor-price-list-price\">SEK 195<\/span>\n\t\t\t\t\t\t\t\t\t\t<\/div>\n\t\t\t\t\t\t\t\t\t\t\t\t\t\t\t<p class=\"elementor-price-list-description\">\n\t\t\t\t\t\t\tServed with herb sauce, potatoes, and pickled red onion\t\t\t\t\t\t<\/p>\n\t\t\t\t\t\t\t\t<\/div>\n\t\t\t\t<\/a><\/li>\t\t\t\t\t\t\t\t\t\t\t\t<li><a class=\"elementor-price-list-item\" href=\"#\">\t\t\t\t\n\t\t\t\t<div class=\"elementor-price-list-text\">\n\t\t\t\t\t\t\t\t\t<div class=\"elementor-price-list-header\">\n\t\t\t\t\t\t\t\t\t\t\t<h4 class=\"elementor-price-list-title\">\n\t\t\t\t\t\t\tToday's meat dish\t\t\t\t\t\t<\/h4>\n\t\t\t\t\t\t\t\t\t\t\t\t\t\t\t\t\t\t<span class=\"elementor-price-list-separator\"><\/span>\n\t\t\t\t\t\t\t\t\t\t\t\t\t\t\t\t\t\t\t<span class=\"elementor-price-list-price\">SEK 185<\/span>\n\t\t\t\t\t\t\t\t\t\t<\/div>\n\t\t\t\t\t\t\t\t\t\t\t\t<\/div>\n\t\t\t\t<\/a><\/li>\t\t\t\t\t\n\t\t<\/ul>\n\n\t\t\t\t\t\t<\/div>\n\t\t\t\t<\/div>\n\t\t\t\t<div class=\"elementor-element elementor-element-c330c94 elementor-widget elementor-widget-text-editor\" data-id=\"c330c94\" data-element_type=\"widget\" data-e-type=\"widget\" data-widget_type=\"text-editor.default\">\n\t\t\t\t<div class=\"elementor-widget-container\">\n\t\t\t\t\t\t\t\t\t<h3><strong>For the Small Viking<\/strong><\/h3>\t\t\t\t\t\t\t\t<\/div>\n\t\t\t\t<\/div>\n\t\t\t\t<div class=\"elementor-element elementor-element-5ef1524 elementor-widget elementor-widget-price-list\" data-id=\"5ef1524\" data-element_type=\"widget\" data-e-type=\"widget\" data-widget_type=\"price-list.default\">\n\t\t\t\t<div class=\"elementor-widget-container\">\n\t\t\t\t\t\n\t\t<ul class=\"elementor-price-list\">\n\n\t\t\t\t\t\t\t\t\t<li><a class=\"elementor-price-list-item\" href=\"#\">\t\t\t\t\n\t\t\t\t<div class=\"elementor-price-list-text\">\n\t\t\t\t\t\t\t\t\t<div class=\"elementor-price-list-header\">\n\t\t\t\t\t\t\t\t\t\t\t<h4 class=\"elementor-price-list-title\">\n\t\t\t\t\t\t\tMeatballs\t\t\t\t\t\t<\/h4>\n\t\t\t\t\t\t\t\t\t\t\t\t\t\t\t\t\t\t<span class=\"elementor-price-list-separator\"><\/span>\n\t\t\t\t\t\t\t\t\t\t\t\t\t\t\t\t\t\t\t<span class=\"elementor-price-list-price\">SEK 80<\/span>\n\t\t\t\t\t\t\t\t\t\t<\/div>\n\t\t\t\t\t\t\t\t\t\t\t\t\t\t\t<p class=\"elementor-price-list-description\">\n\t\t\t\t\t\t\tServed with cream sauce, potatoes, and lingonberry jam \t\t\t\t\t\t<\/p>\n\t\t\t\t\t\t\t\t<\/div>\n\t\t\t\t<\/a><\/li>\t\t\t\t\t\t\t\t\t\t\t\t<li><a class=\"elementor-price-list-item\" href=\"#\">\t\t\t\t\n\t\t\t\t<div class=\"elementor-price-list-text\">\n\t\t\t\t\t\t\t\t\t<div class=\"elementor-price-list-header\">\n\t\t\t\t\t\t\t\t\t\t\t<h4 class=\"elementor-price-list-title\">\n\t\t\t\t\t\t\tPancakes\t\t\t\t\t\t<\/h4>\n\t\t\t\t\t\t\t\t\t\t\t\t\t\t\t\t\t\t<span class=\"elementor-price-list-separator\"><\/span>\n\t\t\t\t\t\t\t\t\t\t\t\t\t\t\t\t\t\t\t<span class=\"elementor-price-list-price\">SEK 80<\/span>\n\t\t\t\t\t\t\t\t\t\t<\/div>\n\t\t\t\t\t\t\t\t\t\t\t\t\t\t\t<p class=\"elementor-price-list-description\">\n\t\t\t\t\t\t\tServed with jam and whipped cream\t\t\t\t\t\t<\/p>\n\t\t\t\t\t\t\t\t<\/div>\n\t\t\t\t<\/a><\/li>\t\t\t\t\t\n\t\t<\/ul>\n\n\t\t\t\t\t\t<\/div>\n\t\t\t\t<\/div>\n\t\t\t\t\t<\/div>\n\t\t<\/div>\n\t\t\t\t\t<\/div>\n\t\t<\/section>\n\t\t\t\t<\/div>\n\t\t","protected":false},"excerpt":{"rendered":"<p>Celebrate Midsummer at Birka Traditional Midsummer Celebration \u2013 Dance, Food, &amp; Games Welcome to celebrate traditional Swedish midsummer at Bj\u00f6rk\u00f6 &#8211; Birka the Viking City. In the middle of the scenic Lake M\u00e4laren lies the island of Bj\u00f6rk\u00f6 &#8211; a perfect place for midsummer celebrations. Here you can read about opening hours, activities, and menus [&hellip;]<\/p>\n","protected":false},"author":2,"featured_media":12548,"parent":8168,"menu_order":0,"comment_status":"closed","ping_status":"closed","template":"elementor_header_footer","meta":{"footnotes":""},"class_list":["post-14100","page","type-page","status-publish","has-post-thumbnail","hentry"],"yoast_head":"<!-- This site is optimized with the Yoast SEO plugin v27.4 - https:\/\/yoast.com\/product\/yoast-seo-wordpress\/ -->\n<title>Celebrate Midsummer at Birka - Birka Vikingastaden<\/title>\n<meta name=\"robots\" content=\"index, follow, max-snippet:-1, max-image-preview:large, max-video-preview:-1\" \/>\n<link rel=\"canonical\" href=\"https:\/\/www.birkavikingastaden.se\/en\/attraction\/celebrate-midsummer-at-birka\/\" \/>\n<meta property=\"og:locale\" content=\"en_US\" \/>\n<meta property=\"og:type\" content=\"article\" \/>\n<meta property=\"og:title\" content=\"Celebrate Midsummer at Birka - Birka Vikingastaden\" \/>\n<meta property=\"og:description\" content=\"Celebrate Midsummer at Birka Traditional Midsummer Celebration \u2013 Dance, Food, &amp; Games Welcome to celebrate traditional Swedish midsummer at Bj\u00f6rk\u00f6 &#8211; Birka the Viking City. In the middle of the scenic Lake M\u00e4laren lies the island of Bj\u00f6rk\u00f6 &#8211; a perfect place for midsummer celebrations. Here you can read about opening hours, activities, and menus [&hellip;]\" \/>\n<meta property=\"og:url\" content=\"https:\/\/www.birkavikingastaden.se\/en\/attraction\/celebrate-midsummer-at-birka\/\" \/>\n<meta property=\"og:site_name\" content=\"Birka Vikingastaden\" \/>\n<meta property=\"article:publisher\" content=\"https:\/\/www.facebook.com\/birkavikingastaden\/\" \/>\n<meta property=\"article:modified_time\" content=\"2026-04-09T10:32:50+00:00\" \/>\n<meta property=\"og:image\" content=\"https:\/\/www.birkavikingastaden.se\/wp-content\/uploads\/2022\/06\/MG_0664_redigerad-1-scaled.jpg\" \/>\n\t<meta property=\"og:image:width\" content=\"2560\" \/>\n\t<meta property=\"og:image:height\" content=\"1662\" \/>\n\t<meta property=\"og:image:type\" content=\"image\/jpeg\" \/>\n<meta name=\"twitter:card\" content=\"summary_large_image\" \/>\n<meta name=\"twitter:label1\" content=\"Est. reading time\" \/>\n\t<meta name=\"twitter:data1\" content=\"3 minutes\" \/>\n<script type=\"application\/ld+json\" class=\"yoast-schema-graph\">{\"@context\":\"https:\\\/\\\/schema.org\",\"@graph\":[{\"@type\":\"WebPage\",\"@id\":\"https:\\\/\\\/www.birkavikingastaden.se\\\/en\\\/attraction\\\/celebrate-midsummer-at-birka\\\/\",\"url\":\"https:\\\/\\\/www.birkavikingastaden.se\\\/en\\\/attraction\\\/celebrate-midsummer-at-birka\\\/\",\"name\":\"Celebrate Midsummer at Birka - Birka Vikingastaden\",\"isPartOf\":{\"@id\":\"https:\\\/\\\/www.birkavikingastaden.se\\\/#website\"},\"primaryImageOfPage\":{\"@id\":\"https:\\\/\\\/www.birkavikingastaden.se\\\/en\\\/attraction\\\/celebrate-midsummer-at-birka\\\/#primaryimage\"},\"image\":{\"@id\":\"https:\\\/\\\/www.birkavikingastaden.se\\\/en\\\/attraction\\\/celebrate-midsummer-at-birka\\\/#primaryimage\"},\"thumbnailUrl\":\"https:\\\/\\\/www.birkavikingastaden.se\\\/wp-content\\\/uploads\\\/2022\\\/06\\\/MG_0664_redigerad-1-scaled.jpg\",\"datePublished\":\"2022-06-10T08:34:32+00:00\",\"dateModified\":\"2026-04-09T10:32:50+00:00\",\"breadcrumb\":{\"@id\":\"https:\\\/\\\/www.birkavikingastaden.se\\\/en\\\/attraction\\\/celebrate-midsummer-at-birka\\\/#breadcrumb\"},\"inLanguage\":\"en-US\",\"potentialAction\":[{\"@type\":\"ReadAction\",\"target\":[\"https:\\\/\\\/www.birkavikingastaden.se\\\/en\\\/attraction\\\/celebrate-midsummer-at-birka\\\/\"]}]},{\"@type\":\"ImageObject\",\"inLanguage\":\"en-US\",\"@id\":\"https:\\\/\\\/www.birkavikingastaden.se\\\/en\\\/attraction\\\/celebrate-midsummer-at-birka\\\/#primaryimage\",\"url\":\"https:\\\/\\\/www.birkavikingastaden.se\\\/wp-content\\\/uploads\\\/2022\\\/06\\\/MG_0664_redigerad-1-scaled.jpg\",\"contentUrl\":\"https:\\\/\\\/www.birkavikingastaden.se\\\/wp-content\\\/uploads\\\/2022\\\/06\\\/MG_0664_redigerad-1-scaled.jpg\",\"width\":2560,\"height\":1662,\"caption\":\"Midsommar p\u00e5 Birka\"},{\"@type\":\"BreadcrumbList\",\"@id\":\"https:\\\/\\\/www.birkavikingastaden.se\\\/en\\\/attraction\\\/celebrate-midsummer-at-birka\\\/#breadcrumb\",\"itemListElement\":[{\"@type\":\"ListItem\",\"position\":1,\"name\":\"Hem\",\"item\":\"https:\\\/\\\/www.birkavikingastaden.se\\\/en\\\/\"},{\"@type\":\"ListItem\",\"position\":2,\"name\":\"See &#038; Do\",\"item\":\"https:\\\/\\\/www.birkavikingastaden.se\\\/en\\\/hitta-pa-birka\\\/\"},{\"@type\":\"ListItem\",\"position\":3,\"name\":\"Celebrate Midsummer at Birka\"}]},{\"@type\":\"WebSite\",\"@id\":\"https:\\\/\\\/www.birkavikingastaden.se\\\/#website\",\"url\":\"https:\\\/\\\/www.birkavikingastaden.se\\\/\",\"name\":\"Birka Vikingastaden\",\"description\":\"\",\"publisher\":{\"@id\":\"https:\\\/\\\/www.birkavikingastaden.se\\\/#organization\"},\"potentialAction\":[{\"@type\":\"SearchAction\",\"target\":{\"@type\":\"EntryPoint\",\"urlTemplate\":\"https:\\\/\\\/www.birkavikingastaden.se\\\/?s={search_term_string}\"},\"query-input\":{\"@type\":\"PropertyValueSpecification\",\"valueRequired\":true,\"valueName\":\"search_term_string\"}}],\"inLanguage\":\"en-US\"},{\"@type\":\"Organization\",\"@id\":\"https:\\\/\\\/www.birkavikingastaden.se\\\/#organization\",\"name\":\"Birka Vikingastaden\",\"url\":\"https:\\\/\\\/www.birkavikingastaden.se\\\/\",\"logo\":{\"@type\":\"ImageObject\",\"inLanguage\":\"en-US\",\"@id\":\"https:\\\/\\\/www.birkavikingastaden.se\\\/#\\\/schema\\\/logo\\\/image\\\/\",\"url\":\"https:\\\/\\\/www.birkavikingastaden.se\\\/wp-content\\\/uploads\\\/2021\\\/02\\\/Logo.png\",\"contentUrl\":\"https:\\\/\\\/www.birkavikingastaden.se\\\/wp-content\\\/uploads\\\/2021\\\/02\\\/Logo.png\",\"width\":180,\"height\":53,\"caption\":\"Birka Vikingastaden\"},\"image\":{\"@id\":\"https:\\\/\\\/www.birkavikingastaden.se\\\/#\\\/schema\\\/logo\\\/image\\\/\"},\"sameAs\":[\"https:\\\/\\\/www.facebook.com\\\/birkavikingastaden\\\/\",\"http:\\\/\\\/instagram.com\\\/birkavikingastaden\\\/\",\"http:\\\/\\\/www.youtube.com\\\/user\\\/Strommaplay\"]}]}<\/script>\n<!-- \/ Yoast SEO plugin. -->","yoast_head_json":{"title":"Celebrate Midsummer at Birka - Birka Vikingastaden","robots":{"index":"index","follow":"follow","max-snippet":"max-snippet:-1","max-image-preview":"max-image-preview:large","max-video-preview":"max-video-preview:-1"},"canonical":"https:\/\/www.birkavikingastaden.se\/en\/attraction\/celebrate-midsummer-at-birka\/","og_locale":"en_US","og_type":"article","og_title":"Celebrate Midsummer at Birka - Birka Vikingastaden","og_description":"Celebrate Midsummer at Birka Traditional Midsummer Celebration \u2013 Dance, Food, &amp; Games Welcome to celebrate traditional Swedish midsummer at Bj\u00f6rk\u00f6 &#8211; Birka the Viking City. In the middle of the scenic Lake M\u00e4laren lies the island of Bj\u00f6rk\u00f6 &#8211; a perfect place for midsummer celebrations. Here you can read about opening hours, activities, and menus [&hellip;]","og_url":"https:\/\/www.birkavikingastaden.se\/en\/attraction\/celebrate-midsummer-at-birka\/","og_site_name":"Birka Vikingastaden","article_publisher":"https:\/\/www.facebook.com\/birkavikingastaden\/","article_modified_time":"2026-04-09T10:32:50+00:00","og_image":[{"width":2560,"height":1662,"url":"https:\/\/www.birkavikingastaden.se\/wp-content\/uploads\/2022\/06\/MG_0664_redigerad-1-scaled.jpg","type":"image\/jpeg"}],"twitter_card":"summary_large_image","twitter_misc":{"Est. reading time":"3 minutes"},"schema":{"@context":"https:\/\/schema.org","@graph":[{"@type":"WebPage","@id":"https:\/\/www.birkavikingastaden.se\/en\/attraction\/celebrate-midsummer-at-birka\/","url":"https:\/\/www.birkavikingastaden.se\/en\/attraction\/celebrate-midsummer-at-birka\/","name":"Celebrate Midsummer at Birka - Birka Vikingastaden","isPartOf":{"@id":"https:\/\/www.birkavikingastaden.se\/#website"},"primaryImageOfPage":{"@id":"https:\/\/www.birkavikingastaden.se\/en\/attraction\/celebrate-midsummer-at-birka\/#primaryimage"},"image":{"@id":"https:\/\/www.birkavikingastaden.se\/en\/attraction\/celebrate-midsummer-at-birka\/#primaryimage"},"thumbnailUrl":"https:\/\/www.birkavikingastaden.se\/wp-content\/uploads\/2022\/06\/MG_0664_redigerad-1-scaled.jpg","datePublished":"2022-06-10T08:34:32+00:00","dateModified":"2026-04-09T10:32:50+00:00","breadcrumb":{"@id":"https:\/\/www.birkavikingastaden.se\/en\/attraction\/celebrate-midsummer-at-birka\/#breadcrumb"},"inLanguage":"en-US","potentialAction":[{"@type":"ReadAction","target":["https:\/\/www.birkavikingastaden.se\/en\/attraction\/celebrate-midsummer-at-birka\/"]}]},{"@type":"ImageObject","inLanguage":"en-US","@id":"https:\/\/www.birkavikingastaden.se\/en\/attraction\/celebrate-midsummer-at-birka\/#primaryimage","url":"https:\/\/www.birkavikingastaden.se\/wp-content\/uploads\/2022\/06\/MG_0664_redigerad-1-scaled.jpg","contentUrl":"https:\/\/www.birkavikingastaden.se\/wp-content\/uploads\/2022\/06\/MG_0664_redigerad-1-scaled.jpg","width":2560,"height":1662,"caption":"Midsommar p\u00e5 Birka"},{"@type":"BreadcrumbList","@id":"https:\/\/www.birkavikingastaden.se\/en\/attraction\/celebrate-midsummer-at-birka\/#breadcrumb","itemListElement":[{"@type":"ListItem","position":1,"name":"Hem","item":"https:\/\/www.birkavikingastaden.se\/en\/"},{"@type":"ListItem","position":2,"name":"See &#038; Do","item":"https:\/\/www.birkavikingastaden.se\/en\/hitta-pa-birka\/"},{"@type":"ListItem","position":3,"name":"Celebrate Midsummer at Birka"}]},{"@type":"WebSite","@id":"https:\/\/www.birkavikingastaden.se\/#website","url":"https:\/\/www.birkavikingastaden.se\/","name":"Birka Vikingastaden","description":"","publisher":{"@id":"https:\/\/www.birkavikingastaden.se\/#organization"},"potentialAction":[{"@type":"SearchAction","target":{"@type":"EntryPoint","urlTemplate":"https:\/\/www.birkavikingastaden.se\/?s={search_term_string}"},"query-input":{"@type":"PropertyValueSpecification","valueRequired":true,"valueName":"search_term_string"}}],"inLanguage":"en-US"},{"@type":"Organization","@id":"https:\/\/www.birkavikingastaden.se\/#organization","name":"Birka Vikingastaden","url":"https:\/\/www.birkavikingastaden.se\/","logo":{"@type":"ImageObject","inLanguage":"en-US","@id":"https:\/\/www.birkavikingastaden.se\/#\/schema\/logo\/image\/","url":"https:\/\/www.birkavikingastaden.se\/wp-content\/uploads\/2021\/02\/Logo.png","contentUrl":"https:\/\/www.birkavikingastaden.se\/wp-content\/uploads\/2021\/02\/Logo.png","width":180,"height":53,"caption":"Birka Vikingastaden"},"image":{"@id":"https:\/\/www.birkavikingastaden.se\/#\/schema\/logo\/image\/"},"sameAs":["https:\/\/www.facebook.com\/birkavikingastaden\/","http:\/\/instagram.com\/birkavikingastaden\/","http:\/\/www.youtube.com\/user\/Strommaplay"]}]}},"_links":{"self":[{"href":"https:\/\/www.birkavikingastaden.se\/en\/wp-json\/wp\/v2\/pages\/14100","targetHints":{"allow":["GET"]}}],"collection":[{"href":"https:\/\/www.birkavikingastaden.se\/en\/wp-json\/wp\/v2\/pages"}],"about":[{"href":"https:\/\/www.birkavikingastaden.se\/en\/wp-json\/wp\/v2\/types\/page"}],"author":[{"embeddable":true,"href":"https:\/\/www.birkavikingastaden.se\/en\/wp-json\/wp\/v2\/users\/2"}],"replies":[{"embeddable":true,"href":"https:\/\/www.birkavikingastaden.se\/en\/wp-json\/wp\/v2\/comments?post=14100"}],"version-history":[{"count":19,"href":"https:\/\/www.birkavikingastaden.se\/en\/wp-json\/wp\/v2\/pages\/14100\/revisions"}],"predecessor-version":[{"id":17404,"href":"https:\/\/www.birkavikingastaden.se\/en\/wp-json\/wp\/v2\/pages\/14100\/revisions\/17404"}],"up":[{"embeddable":true,"href":"https:\/\/www.birkavikingastaden.se\/en\/wp-json\/wp\/v2\/pages\/8168"}],"wp:featuredmedia":[{"embeddable":true,"href":"https:\/\/www.birkavikingastaden.se\/en\/wp-json\/wp\/v2\/media\/12548"}],"wp:attachment":[{"href":"https:\/\/www.birkavikingastaden.se\/en\/wp-json\/wp\/v2\/media?parent=14100"}],"curies":[{"name":"wp","href":"https:\/\/api.w.org\/{rel}","templated":true}]}}