{"id":8224,"date":"2021-02-22T19:08:31","date_gmt":"2021-02-22T18:08:31","guid":{"rendered":"http:\/\/travelproduction.se\/birka\/?page_id=8224"},"modified":"2021-03-23T14:30:23","modified_gmt":"2021-03-23T13:30:23","slug":"the-ansgar-chapel","status":"publish","type":"page","link":"https:\/\/www.birkavikingastaden.se\/en\/attraction\/the-ansgar-chapel\/","title":{"rendered":"The Ansgar Chapel"},"content":{"rendered":"\t\t<div data-elementor-type=\"wp-page\" data-elementor-id=\"8224\" class=\"elementor elementor-8224\" data-elementor-post-type=\"page\">\n\t\t\t\t\t\t<section class=\"elementor-section elementor-top-section elementor-element elementor-element-80d1214 elementor-section-height-min-height elementor-section-full_width elementor-section-height-default elementor-section-items-middle\" data-id=\"80d1214\" data-element_type=\"section\" data-e-type=\"section\" data-settings=\"{&quot;background_background&quot;:&quot;classic&quot;}\">\n\t\t\t\t\t\t<div class=\"elementor-container elementor-column-gap-default\">\n\t\t\t\t\t<div class=\"elementor-column elementor-col-100 elementor-top-column elementor-element elementor-element-9ad108d\" data-id=\"9ad108d\" data-element_type=\"column\" data-e-type=\"column\">\n\t\t\t<div class=\"elementor-widget-wrap\">\n\t\t\t\t\t\t\t<\/div>\n\t\t<\/div>\n\t\t\t\t\t<\/div>\n\t\t<\/section>\n\t\t\t\t<section class=\"elementor-section elementor-top-section elementor-element elementor-element-60f11a0 elementor-section-boxed elementor-section-height-default elementor-section-height-default\" data-id=\"60f11a0\" data-element_type=\"section\" data-e-type=\"section\">\n\t\t\t\t\t\t<div class=\"elementor-container elementor-column-gap-default\">\n\t\t\t\t\t<div class=\"elementor-column elementor-col-100 elementor-top-column elementor-element elementor-element-eaadae5\" data-id=\"eaadae5\" data-element_type=\"column\" data-e-type=\"column\">\n\t\t\t<div class=\"elementor-widget-wrap elementor-element-populated\">\n\t\t\t\t\t\t<div class=\"elementor-element elementor-element-6f663e1 elementor-widget-divider--view-line_text elementor-widget-divider--element-align-center elementor-widget elementor-widget-divider\" data-id=\"6f663e1\" data-element_type=\"widget\" data-e-type=\"widget\" data-widget_type=\"divider.default\">\n\t\t\t\t<div class=\"elementor-widget-container\">\n\t\t\t\t\t\t\t<div class=\"elementor-divider\">\n\t\t\t<span class=\"elementor-divider-separator\">\n\t\t\t\t\t\t\t<h1 class=\"elementor-divider__text elementor-divider__element\">\n\t\t\t\tThe Ansgar Chapel at Birka\t\t\t\t<\/h1>\n\t\t\t\t\t\t<\/span>\n\t\t<\/div>\n\t\t\t\t\t\t<\/div>\n\t\t\t\t<\/div>\n\t\t\t\t<div class=\"elementor-element elementor-element-142fbf4 elementor-widget elementor-widget-text-editor\" data-id=\"142fbf4\" data-element_type=\"widget\" data-e-type=\"widget\" data-widget_type=\"text-editor.default\">\n\t\t\t\t<div class=\"elementor-widget-container\">\n\t\t\t\t\t\t\t\t\t<h2><span class=\"TextRun  BCX0 SCXW85763729\" lang=\"EN-GB\" xml:lang=\"EN-GB\" data-contrast=\"auto\"><span class=\"NormalTextRun  BCX0 SCXW85763729\">S<\/span><\/span><span class=\"TextRun  BCX0 SCXW85763729\" lang=\"EN-GB\" xml:lang=\"EN-GB\" data-contrast=\"auto\"><span class=\"NormalTextRun  BCX0 SCXW85763729\">ummer church \u2013 open\u00a0<\/span><\/span><span class=\"TextRun  BCX0 SCXW85763729\" lang=\"EN-GB\" xml:lang=\"EN-GB\" data-contrast=\"auto\"><span class=\"NormalTextRun  BCX0 SCXW85763729\">for individual visits<\/span><\/span><\/h2>\t\t\t\t\t\t\t\t<\/div>\n\t\t\t\t<\/div>\n\t\t\t\t\t<\/div>\n\t\t<\/div>\n\t\t\t\t\t<\/div>\n\t\t<\/section>\n\t\t\t\t<section class=\"elementor-section elementor-top-section elementor-element elementor-element-c9a2155 elementor-section-boxed elementor-section-height-default elementor-section-height-default\" data-id=\"c9a2155\" data-element_type=\"section\" data-e-type=\"section\">\n\t\t\t\t\t\t<div class=\"elementor-container elementor-column-gap-wider\">\n\t\t\t\t\t<div class=\"elementor-column elementor-col-33 elementor-top-column elementor-element elementor-element-511e1c2\" data-id=\"511e1c2\" data-element_type=\"column\" data-e-type=\"column\">\n\t\t\t<div class=\"elementor-widget-wrap elementor-element-populated\">\n\t\t\t\t\t\t<div class=\"elementor-element elementor-element-dd7d3e8 elementor-widget elementor-widget-image\" data-id=\"dd7d3e8\" data-element_type=\"widget\" data-e-type=\"widget\" data-widget_type=\"image.default\">\n\t\t\t\t<div class=\"elementor-widget-container\">\n\t\t\t\t\t\t\t\t\t\t\t\t\t\t\t<img fetchpriority=\"high\" decoding=\"async\" width=\"800\" height=\"334\" src=\"https:\/\/www.birkavikingastaden.se\/wp-content\/uploads\/2016\/04\/Ansgarskapellet-500px-foto-Jonathan-Olsson-1024x427.jpg\" class=\"attachment-large size-large wp-image-8487\" alt=\"\" srcset=\"https:\/\/www.birkavikingastaden.se\/wp-content\/uploads\/2016\/04\/Ansgarskapellet-500px-foto-Jonathan-Olsson-1024x427.jpg 1024w, https:\/\/www.birkavikingastaden.se\/wp-content\/uploads\/2016\/04\/Ansgarskapellet-500px-foto-Jonathan-Olsson-300x125.jpg 300w, https:\/\/www.birkavikingastaden.se\/wp-content\/uploads\/2016\/04\/Ansgarskapellet-500px-foto-Jonathan-Olsson-768x320.jpg 768w, https:\/\/www.birkavikingastaden.se\/wp-content\/uploads\/2016\/04\/Ansgarskapellet-500px-foto-Jonathan-Olsson.jpg 1200w\" sizes=\"(max-width: 800px) 100vw, 800px\" \/>\t\t\t\t\t\t\t\t\t\t\t\t\t\t\t<\/div>\n\t\t\t\t<\/div>\n\t\t\t\t\t<\/div>\n\t\t<\/div>\n\t\t\t\t<div class=\"elementor-column elementor-col-33 elementor-top-column elementor-element elementor-element-b70b42f\" data-id=\"b70b42f\" data-element_type=\"column\" data-e-type=\"column\">\n\t\t\t<div class=\"elementor-widget-wrap elementor-element-populated\">\n\t\t\t\t\t\t<div class=\"elementor-element elementor-element-67dcd17 elementor-widget elementor-widget-text-editor\" data-id=\"67dcd17\" data-element_type=\"widget\" data-e-type=\"widget\" data-widget_type=\"text-editor.default\">\n\t\t\t\t<div class=\"elementor-widget-container\">\n\t\t\t\t\t\t\t\t\t<p>The Ansgar Chapel was built around 1930, one hundred years after the Monument of Ansgar was raised. The chapel is built 1100 years after Ansgars arrival to Sweden. Ansgar was a monk that came to Sweden to Christianize the country.<\/p><h3>The Ansgar Chapel &#8211; open during summer<\/h3><p>Today the Ansgar Chapel is a summer church, which is open for individual visits, group visits, weddings and christenings.<\/p><p>The chapel was designed by architect Lars Israel Wahlman and decorated by great artists and architects that made paintings and sculptures that tell of Ansgar\u2019s life and commandments.<\/p><h3>Managed by Eker\u00f6 parish<\/h3><p>The Ansgar Chapel is managed by a foundation and Eker\u00f6 parish is responsible for the care.<\/p><p><strong>Contact<\/strong><br \/>Ansgarskapellet, Bj\u00f6rk\u00f6 20, 178 92, Adels\u00f6<br \/>+46 (0)8-560 387 00<br \/><a href=\"http:\/\/www.svenskakyrkan.se\/ekero\" target=\"_blank\" rel=\"noopener\">http:\/\/www.svenskakyrkan.se\/ekero<\/a><br \/><a href=\"mailto:ekero.pastorat@svenskakyrkan.se\">ekero.pastorat@svenskakyrkan.se<\/a><\/p>\t\t\t\t\t\t\t\t<\/div>\n\t\t\t\t<\/div>\n\t\t\t\t\t<\/div>\n\t\t<\/div>\n\t\t\t\t<div class=\"elementor-column elementor-col-33 elementor-top-column elementor-element elementor-element-1152701\" data-id=\"1152701\" data-element_type=\"column\" data-e-type=\"column\">\n\t\t\t<div class=\"elementor-widget-wrap elementor-element-populated\">\n\t\t\t\t\t\t<div class=\"elementor-element elementor-element-34b429a elementor-nav-menu__align-start elementor-widget__width-initial elementor-nav-menu--dropdown-tablet elementor-nav-menu__text-align-aside elementor-nav-menu--toggle elementor-nav-menu--burger elementor-widget elementor-widget-global elementor-global-7077 elementor-widget-nav-menu\" data-id=\"34b429a\" data-element_type=\"widget\" data-e-type=\"widget\" data-settings=\"{&quot;layout&quot;:&quot;vertical&quot;,&quot;submenu_icon&quot;:{&quot;value&quot;:&quot;fas fa-caret-down&quot;,&quot;library&quot;:&quot;fa-solid&quot;},&quot;toggle&quot;:&quot;burger&quot;}\" data-widget_type=\"nav-menu.default\">\n\t\t\t\t<div class=\"elementor-widget-container\">\n\t\t\t\t\t\t\t\t<nav aria-label=\"Menu\" class=\"elementor-nav-menu--main elementor-nav-menu__container elementor-nav-menu--layout-vertical e--pointer-underline e--animation-fade\">\n\t\t\t\t<ul id=\"menu-1-34b429a\" class=\"elementor-nav-menu sm-vertical\"><li class=\"menu-item menu-item-type-post_type menu-item-object-page menu-item-8794\"><a href=\"https:\/\/www.birkavikingastaden.se\/en\/attraction\/new-exhibition-buried-at-birka\/\" class=\"elementor-item\">Buried at Birka<\/a><\/li>\n<li class=\"menu-item menu-item-type-post_type menu-item-object-page menu-item-8795\"><a href=\"https:\/\/www.birkavikingastaden.se\/en\/attraction\/restaurant-sarimner-at-birka\/\" class=\"elementor-item\">Restaurant S\u00e4rimner<\/a><\/li>\n<li class=\"menu-item menu-item-type-post_type menu-item-object-page menu-item-8796\"><a href=\"https:\/\/www.birkavikingastaden.se\/en\/attraction\/children-birka\/\" class=\"elementor-item\">The Childrens Birka<\/a><\/li>\n<li class=\"menu-item menu-item-type-post_type menu-item-object-page menu-item-8798\"><a href=\"https:\/\/www.birkavikingastaden.se\/en\/attraction\/the-viking-village\/\" class=\"elementor-item\">The Viking Village<\/a><\/li>\n<li class=\"menu-item menu-item-type-post_type menu-item-object-page menu-item-8799\"><a href=\"https:\/\/www.birkavikingastaden.se\/en\/attraction\/museum-shop\/\" class=\"elementor-item\">Museum<\/a><\/li>\n<li class=\"menu-item menu-item-type-post_type menu-item-object-page menu-item-8800\"><a href=\"https:\/\/www.birkavikingastaden.se\/en\/attraction\/the-monument-of-ansgar\/\" class=\"elementor-item\">The monument of Ansgar<\/a><\/li>\n<li class=\"menu-item menu-item-type-post_type menu-item-object-page menu-item-8801\"><a href=\"https:\/\/www.birkavikingastaden.se\/en\/attraction\/restaurant-cafe\/\" class=\"elementor-item\">Cafe Eldrimner<\/a><\/li>\n<li class=\"menu-item menu-item-type-post_type menu-item-object-page menu-item-8802\"><a href=\"https:\/\/www.birkavikingastaden.se\/en\/attraction\/guest-harbour\/\" class=\"elementor-item\">Guest Harbour<\/a><\/li>\n<li class=\"menu-item menu-item-type-post_type menu-item-object-page menu-item-8803\"><a href=\"https:\/\/www.birkavikingastaden.se\/en\/attraction\/swimming-area\/\" class=\"elementor-item\">Swimming area<\/a><\/li>\n<li class=\"menu-item menu-item-type-post_type menu-item-object-page menu-item-8804\"><a href=\"https:\/\/www.birkavikingastaden.se\/en\/attraction\/guided-tours\/\" class=\"elementor-item\">Guided tours<\/a><\/li>\n<li class=\"menu-item menu-item-type-post_type menu-item-object-page menu-item-8805\"><a href=\"https:\/\/www.birkavikingastaden.se\/en\/attraction\/the-ansgar-chapel\/\" class=\"elementor-item\">The Ansgar Chapel<\/a><\/li>\n<li class=\"menu-item menu-item-type-post_type menu-item-object-page menu-item-8806\"><a href=\"https:\/\/www.birkavikingastaden.se\/en\/attraction\/vikings-at-birka\/\" class=\"elementor-item\">Vikings at Birka<\/a><\/li>\n<\/ul>\t\t\t<\/nav>\n\t\t\t\t\t<div class=\"elementor-menu-toggle\" role=\"button\" tabindex=\"0\" aria-label=\"Menu Toggle\" aria-expanded=\"false\">\n\t\t\t<i aria-hidden=\"true\" role=\"presentation\" class=\"elementor-menu-toggle__icon--open eicon-menu-bar\"><\/i><i aria-hidden=\"true\" role=\"presentation\" class=\"elementor-menu-toggle__icon--close eicon-close\"><\/i>\t\t<\/div>\n\t\t\t\t\t<nav class=\"elementor-nav-menu--dropdown elementor-nav-menu__container\" aria-hidden=\"true\">\n\t\t\t\t<ul id=\"menu-2-34b429a\" class=\"elementor-nav-menu sm-vertical\"><li class=\"menu-item menu-item-type-post_type menu-item-object-page menu-item-8794\"><a href=\"https:\/\/www.birkavikingastaden.se\/en\/attraction\/new-exhibition-buried-at-birka\/\" class=\"elementor-item\" tabindex=\"-1\">Buried at Birka<\/a><\/li>\n<li class=\"menu-item menu-item-type-post_type menu-item-object-page menu-item-8795\"><a href=\"https:\/\/www.birkavikingastaden.se\/en\/attraction\/restaurant-sarimner-at-birka\/\" class=\"elementor-item\" tabindex=\"-1\">Restaurant S\u00e4rimner<\/a><\/li>\n<li class=\"menu-item menu-item-type-post_type menu-item-object-page menu-item-8796\"><a href=\"https:\/\/www.birkavikingastaden.se\/en\/attraction\/children-birka\/\" class=\"elementor-item\" tabindex=\"-1\">The Childrens Birka<\/a><\/li>\n<li class=\"menu-item menu-item-type-post_type menu-item-object-page menu-item-8798\"><a href=\"https:\/\/www.birkavikingastaden.se\/en\/attraction\/the-viking-village\/\" class=\"elementor-item\" tabindex=\"-1\">The Viking Village<\/a><\/li>\n<li class=\"menu-item menu-item-type-post_type menu-item-object-page menu-item-8799\"><a href=\"https:\/\/www.birkavikingastaden.se\/en\/attraction\/museum-shop\/\" class=\"elementor-item\" tabindex=\"-1\">Museum<\/a><\/li>\n<li class=\"menu-item menu-item-type-post_type menu-item-object-page menu-item-8800\"><a href=\"https:\/\/www.birkavikingastaden.se\/en\/attraction\/the-monument-of-ansgar\/\" class=\"elementor-item\" tabindex=\"-1\">The monument of Ansgar<\/a><\/li>\n<li class=\"menu-item menu-item-type-post_type menu-item-object-page menu-item-8801\"><a href=\"https:\/\/www.birkavikingastaden.se\/en\/attraction\/restaurant-cafe\/\" class=\"elementor-item\" tabindex=\"-1\">Cafe Eldrimner<\/a><\/li>\n<li class=\"menu-item menu-item-type-post_type menu-item-object-page menu-item-8802\"><a href=\"https:\/\/www.birkavikingastaden.se\/en\/attraction\/guest-harbour\/\" class=\"elementor-item\" tabindex=\"-1\">Guest Harbour<\/a><\/li>\n<li class=\"menu-item menu-item-type-post_type menu-item-object-page menu-item-8803\"><a href=\"https:\/\/www.birkavikingastaden.se\/en\/attraction\/swimming-area\/\" class=\"elementor-item\" tabindex=\"-1\">Swimming area<\/a><\/li>\n<li class=\"menu-item menu-item-type-post_type menu-item-object-page menu-item-8804\"><a href=\"https:\/\/www.birkavikingastaden.se\/en\/attraction\/guided-tours\/\" class=\"elementor-item\" tabindex=\"-1\">Guided tours<\/a><\/li>\n<li class=\"menu-item menu-item-type-post_type menu-item-object-page menu-item-8805\"><a href=\"https:\/\/www.birkavikingastaden.se\/en\/attraction\/the-ansgar-chapel\/\" class=\"elementor-item\" tabindex=\"-1\">The Ansgar Chapel<\/a><\/li>\n<li class=\"menu-item menu-item-type-post_type menu-item-object-page menu-item-8806\"><a href=\"https:\/\/www.birkavikingastaden.se\/en\/attraction\/vikings-at-birka\/\" class=\"elementor-item\" tabindex=\"-1\">Vikings at Birka<\/a><\/li>\n<\/ul>\t\t\t<\/nav>\n\t\t\t\t\t\t<\/div>\n\t\t\t\t<\/div>\n\t\t\t\t\t<\/div>\n\t\t<\/div>\n\t\t\t\t\t<\/div>\n\t\t<\/section>\n\t\t\t\t<\/div>\n\t\t","protected":false},"excerpt":{"rendered":"<p>The Ansgar Chapel at Birka Summer church \u2013 open\u00a0for individual visits The Ansgar Chapel was built around 1930, one hundred years after the Monument of Ansgar was raised. The chapel is built 1100 years after Ansgars arrival to Sweden. Ansgar was a monk that came to Sweden to Christianize the country. The Ansgar Chapel &#8211; [&hellip;]<\/p>\n","protected":false},"author":1,"featured_media":0,"parent":8168,"menu_order":0,"comment_status":"closed","ping_status":"open","template":"elementor_header_footer","meta":{"footnotes":""},"class_list":["post-8224","page","type-page","status-publish","hentry"],"yoast_head":"<!-- This site is optimized with the Yoast SEO plugin v27.3 - https:\/\/yoast.com\/product\/yoast-seo-wordpress\/ -->\n<title>The Ansgar Chapel \u2013 Birka the Viking City Stockholm Sweden<\/title>\n<meta name=\"description\" content=\"The Ansgar Chapel was built around 1930. The Ansgar Chapel is a summer church, which is open for individual visits, group visits, weddings and christenings.\" \/>\n<meta name=\"robots\" content=\"index, follow, max-snippet:-1, max-image-preview:large, max-video-preview:-1\" \/>\n<link rel=\"canonical\" href=\"https:\/\/www.birkavikingastaden.se\/en\/attraction\/the-ansgar-chapel\/\" \/>\n<meta property=\"og:locale\" content=\"en_US\" \/>\n<meta property=\"og:type\" content=\"article\" \/>\n<meta property=\"og:title\" content=\"The Ansgar Chapel \u2013 Birka the Viking City Stockholm Sweden\" \/>\n<meta property=\"og:description\" content=\"The Ansgar Chapel was built around 1930. The Ansgar Chapel is a summer church, which is open for individual visits, group visits, weddings and christenings.\" \/>\n<meta property=\"og:url\" content=\"https:\/\/www.birkavikingastaden.se\/en\/attraction\/the-ansgar-chapel\/\" \/>\n<meta property=\"og:site_name\" content=\"Birka Vikingastaden\" \/>\n<meta property=\"article:publisher\" content=\"https:\/\/www.facebook.com\/birkavikingastaden\/\" \/>\n<meta property=\"article:modified_time\" content=\"2021-03-23T13:30:23+00:00\" \/>\n<meta property=\"og:image\" content=\"http:\/\/www.birkavikingastaden.se\/wp-content\/uploads\/2016\/04\/Ansgarskapellet-500px-foto-Jonathan-Olsson-1024x427.jpg\" \/>\n<meta name=\"twitter:card\" content=\"summary_large_image\" \/>\n<meta name=\"twitter:label1\" content=\"Est. reading time\" \/>\n\t<meta name=\"twitter:data1\" content=\"1 minute\" \/>\n<script type=\"application\/ld+json\" class=\"yoast-schema-graph\">{\"@context\":\"https:\\\/\\\/schema.org\",\"@graph\":[{\"@type\":\"WebPage\",\"@id\":\"https:\\\/\\\/www.birkavikingastaden.se\\\/en\\\/attraction\\\/the-ansgar-chapel\\\/\",\"url\":\"https:\\\/\\\/www.birkavikingastaden.se\\\/en\\\/attraction\\\/the-ansgar-chapel\\\/\",\"name\":\"The Ansgar Chapel \u2013 Birka the Viking City Stockholm Sweden\",\"isPartOf\":{\"@id\":\"https:\\\/\\\/www.birkavikingastaden.se\\\/#website\"},\"primaryImageOfPage\":{\"@id\":\"https:\\\/\\\/www.birkavikingastaden.se\\\/en\\\/attraction\\\/the-ansgar-chapel\\\/#primaryimage\"},\"image\":{\"@id\":\"https:\\\/\\\/www.birkavikingastaden.se\\\/en\\\/attraction\\\/the-ansgar-chapel\\\/#primaryimage\"},\"thumbnailUrl\":\"http:\\\/\\\/www.birkavikingastaden.se\\\/wp-content\\\/uploads\\\/2016\\\/04\\\/Ansgarskapellet-500px-foto-Jonathan-Olsson-1024x427.jpg\",\"datePublished\":\"2021-02-22T18:08:31+00:00\",\"dateModified\":\"2021-03-23T13:30:23+00:00\",\"description\":\"The Ansgar Chapel was built around 1930. The Ansgar Chapel is a summer church, which is open for individual visits, group visits, weddings and christenings.\",\"breadcrumb\":{\"@id\":\"https:\\\/\\\/www.birkavikingastaden.se\\\/en\\\/attraction\\\/the-ansgar-chapel\\\/#breadcrumb\"},\"inLanguage\":\"en-US\",\"potentialAction\":[{\"@type\":\"ReadAction\",\"target\":[\"https:\\\/\\\/www.birkavikingastaden.se\\\/en\\\/attraction\\\/the-ansgar-chapel\\\/\"]}]},{\"@type\":\"ImageObject\",\"inLanguage\":\"en-US\",\"@id\":\"https:\\\/\\\/www.birkavikingastaden.se\\\/en\\\/attraction\\\/the-ansgar-chapel\\\/#primaryimage\",\"url\":\"http:\\\/\\\/www.birkavikingastaden.se\\\/wp-content\\\/uploads\\\/2016\\\/04\\\/Ansgarskapellet-500px-foto-Jonathan-Olsson-1024x427.jpg\",\"contentUrl\":\"http:\\\/\\\/www.birkavikingastaden.se\\\/wp-content\\\/uploads\\\/2016\\\/04\\\/Ansgarskapellet-500px-foto-Jonathan-Olsson-1024x427.jpg\"},{\"@type\":\"BreadcrumbList\",\"@id\":\"https:\\\/\\\/www.birkavikingastaden.se\\\/en\\\/attraction\\\/the-ansgar-chapel\\\/#breadcrumb\",\"itemListElement\":[{\"@type\":\"ListItem\",\"position\":1,\"name\":\"Hem\",\"item\":\"https:\\\/\\\/www.birkavikingastaden.se\\\/en\\\/\"},{\"@type\":\"ListItem\",\"position\":2,\"name\":\"See &#038; Do\",\"item\":\"https:\\\/\\\/www.birkavikingastaden.se\\\/en\\\/hitta-pa-birka\\\/\"},{\"@type\":\"ListItem\",\"position\":3,\"name\":\"The Ansgar Chapel\"}]},{\"@type\":\"WebSite\",\"@id\":\"https:\\\/\\\/www.birkavikingastaden.se\\\/#website\",\"url\":\"https:\\\/\\\/www.birkavikingastaden.se\\\/\",\"name\":\"Birka Vikingastaden\",\"description\":\"\",\"publisher\":{\"@id\":\"https:\\\/\\\/www.birkavikingastaden.se\\\/#organization\"},\"potentialAction\":[{\"@type\":\"SearchAction\",\"target\":{\"@type\":\"EntryPoint\",\"urlTemplate\":\"https:\\\/\\\/www.birkavikingastaden.se\\\/?s={search_term_string}\"},\"query-input\":{\"@type\":\"PropertyValueSpecification\",\"valueRequired\":true,\"valueName\":\"search_term_string\"}}],\"inLanguage\":\"en-US\"},{\"@type\":\"Organization\",\"@id\":\"https:\\\/\\\/www.birkavikingastaden.se\\\/#organization\",\"name\":\"Birka Vikingastaden\",\"url\":\"https:\\\/\\\/www.birkavikingastaden.se\\\/\",\"logo\":{\"@type\":\"ImageObject\",\"inLanguage\":\"en-US\",\"@id\":\"https:\\\/\\\/www.birkavikingastaden.se\\\/#\\\/schema\\\/logo\\\/image\\\/\",\"url\":\"https:\\\/\\\/www.birkavikingastaden.se\\\/wp-content\\\/uploads\\\/2021\\\/02\\\/Logo.png\",\"contentUrl\":\"https:\\\/\\\/www.birkavikingastaden.se\\\/wp-content\\\/uploads\\\/2021\\\/02\\\/Logo.png\",\"width\":180,\"height\":53,\"caption\":\"Birka Vikingastaden\"},\"image\":{\"@id\":\"https:\\\/\\\/www.birkavikingastaden.se\\\/#\\\/schema\\\/logo\\\/image\\\/\"},\"sameAs\":[\"https:\\\/\\\/www.facebook.com\\\/birkavikingastaden\\\/\",\"http:\\\/\\\/instagram.com\\\/birkavikingastaden\\\/\",\"http:\\\/\\\/www.youtube.com\\\/user\\\/Strommaplay\"]}]}<\/script>\n<!-- \/ Yoast SEO plugin. -->","yoast_head_json":{"title":"The Ansgar Chapel \u2013 Birka the Viking City Stockholm Sweden","description":"The Ansgar Chapel was built around 1930. The Ansgar Chapel is a summer church, which is open for individual visits, group visits, weddings and christenings.","robots":{"index":"index","follow":"follow","max-snippet":"max-snippet:-1","max-image-preview":"max-image-preview:large","max-video-preview":"max-video-preview:-1"},"canonical":"https:\/\/www.birkavikingastaden.se\/en\/attraction\/the-ansgar-chapel\/","og_locale":"en_US","og_type":"article","og_title":"The Ansgar Chapel \u2013 Birka the Viking City Stockholm Sweden","og_description":"The Ansgar Chapel was built around 1930. The Ansgar Chapel is a summer church, which is open for individual visits, group visits, weddings and christenings.","og_url":"https:\/\/www.birkavikingastaden.se\/en\/attraction\/the-ansgar-chapel\/","og_site_name":"Birka Vikingastaden","article_publisher":"https:\/\/www.facebook.com\/birkavikingastaden\/","article_modified_time":"2021-03-23T13:30:23+00:00","og_image":[{"url":"http:\/\/www.birkavikingastaden.se\/wp-content\/uploads\/2016\/04\/Ansgarskapellet-500px-foto-Jonathan-Olsson-1024x427.jpg","type":"","width":"","height":""}],"twitter_card":"summary_large_image","twitter_misc":{"Est. reading time":"1 minute"},"schema":{"@context":"https:\/\/schema.org","@graph":[{"@type":"WebPage","@id":"https:\/\/www.birkavikingastaden.se\/en\/attraction\/the-ansgar-chapel\/","url":"https:\/\/www.birkavikingastaden.se\/en\/attraction\/the-ansgar-chapel\/","name":"The Ansgar Chapel \u2013 Birka the Viking City Stockholm Sweden","isPartOf":{"@id":"https:\/\/www.birkavikingastaden.se\/#website"},"primaryImageOfPage":{"@id":"https:\/\/www.birkavikingastaden.se\/en\/attraction\/the-ansgar-chapel\/#primaryimage"},"image":{"@id":"https:\/\/www.birkavikingastaden.se\/en\/attraction\/the-ansgar-chapel\/#primaryimage"},"thumbnailUrl":"http:\/\/www.birkavikingastaden.se\/wp-content\/uploads\/2016\/04\/Ansgarskapellet-500px-foto-Jonathan-Olsson-1024x427.jpg","datePublished":"2021-02-22T18:08:31+00:00","dateModified":"2021-03-23T13:30:23+00:00","description":"The Ansgar Chapel was built around 1930. The Ansgar Chapel is a summer church, which is open for individual visits, group visits, weddings and christenings.","breadcrumb":{"@id":"https:\/\/www.birkavikingastaden.se\/en\/attraction\/the-ansgar-chapel\/#breadcrumb"},"inLanguage":"en-US","potentialAction":[{"@type":"ReadAction","target":["https:\/\/www.birkavikingastaden.se\/en\/attraction\/the-ansgar-chapel\/"]}]},{"@type":"ImageObject","inLanguage":"en-US","@id":"https:\/\/www.birkavikingastaden.se\/en\/attraction\/the-ansgar-chapel\/#primaryimage","url":"http:\/\/www.birkavikingastaden.se\/wp-content\/uploads\/2016\/04\/Ansgarskapellet-500px-foto-Jonathan-Olsson-1024x427.jpg","contentUrl":"http:\/\/www.birkavikingastaden.se\/wp-content\/uploads\/2016\/04\/Ansgarskapellet-500px-foto-Jonathan-Olsson-1024x427.jpg"},{"@type":"BreadcrumbList","@id":"https:\/\/www.birkavikingastaden.se\/en\/attraction\/the-ansgar-chapel\/#breadcrumb","itemListElement":[{"@type":"ListItem","position":1,"name":"Hem","item":"https:\/\/www.birkavikingastaden.se\/en\/"},{"@type":"ListItem","position":2,"name":"See &#038; Do","item":"https:\/\/www.birkavikingastaden.se\/en\/hitta-pa-birka\/"},{"@type":"ListItem","position":3,"name":"The Ansgar Chapel"}]},{"@type":"WebSite","@id":"https:\/\/www.birkavikingastaden.se\/#website","url":"https:\/\/www.birkavikingastaden.se\/","name":"Birka Vikingastaden","description":"","publisher":{"@id":"https:\/\/www.birkavikingastaden.se\/#organization"},"potentialAction":[{"@type":"SearchAction","target":{"@type":"EntryPoint","urlTemplate":"https:\/\/www.birkavikingastaden.se\/?s={search_term_string}"},"query-input":{"@type":"PropertyValueSpecification","valueRequired":true,"valueName":"search_term_string"}}],"inLanguage":"en-US"},{"@type":"Organization","@id":"https:\/\/www.birkavikingastaden.se\/#organization","name":"Birka Vikingastaden","url":"https:\/\/www.birkavikingastaden.se\/","logo":{"@type":"ImageObject","inLanguage":"en-US","@id":"https:\/\/www.birkavikingastaden.se\/#\/schema\/logo\/image\/","url":"https:\/\/www.birkavikingastaden.se\/wp-content\/uploads\/2021\/02\/Logo.png","contentUrl":"https:\/\/www.birkavikingastaden.se\/wp-content\/uploads\/2021\/02\/Logo.png","width":180,"height":53,"caption":"Birka Vikingastaden"},"image":{"@id":"https:\/\/www.birkavikingastaden.se\/#\/schema\/logo\/image\/"},"sameAs":["https:\/\/www.facebook.com\/birkavikingastaden\/","http:\/\/instagram.com\/birkavikingastaden\/","http:\/\/www.youtube.com\/user\/Strommaplay"]}]}},"_links":{"self":[{"href":"https:\/\/www.birkavikingastaden.se\/en\/wp-json\/wp\/v2\/pages\/8224","targetHints":{"allow":["GET"]}}],"collection":[{"href":"https:\/\/www.birkavikingastaden.se\/en\/wp-json\/wp\/v2\/pages"}],"about":[{"href":"https:\/\/www.birkavikingastaden.se\/en\/wp-json\/wp\/v2\/types\/page"}],"author":[{"embeddable":true,"href":"https:\/\/www.birkavikingastaden.se\/en\/wp-json\/wp\/v2\/users\/1"}],"replies":[{"embeddable":true,"href":"https:\/\/www.birkavikingastaden.se\/en\/wp-json\/wp\/v2\/comments?post=8224"}],"version-history":[{"count":29,"href":"https:\/\/www.birkavikingastaden.se\/en\/wp-json\/wp\/v2\/pages\/8224\/revisions"}],"predecessor-version":[{"id":11355,"href":"https:\/\/www.birkavikingastaden.se\/en\/wp-json\/wp\/v2\/pages\/8224\/revisions\/11355"}],"up":[{"embeddable":true,"href":"https:\/\/www.birkavikingastaden.se\/en\/wp-json\/wp\/v2\/pages\/8168"}],"wp:attachment":[{"href":"https:\/\/www.birkavikingastaden.se\/en\/wp-json\/wp\/v2\/media?parent=8224"}],"curies":[{"name":"wp","href":"https:\/\/api.w.org\/{rel}","templated":true}]}}